{"id":14652,"date":"2023-12-27T09:52:04","date_gmt":"2023-12-27T08:52:04","guid":{"rendered":"https:\/\/montanaparc.com\/recrutement\/"},"modified":"2023-12-27T09:52:04","modified_gmt":"2023-12-27T08:52:04","slug":"recrutement","status":"publish","type":"page","link":"https:\/\/montanaparc.com\/en\/recrutement\/","title":{"rendered":"Recrutement"},"content":{"rendered":"<div class=\"gb-container gb-container-ea034639 homesection animated fadeIn gb-container-global-full\" id=\"topScroll\"><div class=\"gb-inside-container\">\n<div class=\"gb-container gb-container-17e56dd8\" id=\"jobOffers\"><div class=\"gb-inside-container\">\n\n<h2 class=\"gb-headline gb-headline-78a36eb3 gb-headline-text\">Nos offres d&#8217;emploi<\/h2>\n\n\n<ul class=\"job-tax-filter\"><li class=\"button job-tax job-tax-all active\">Afficher tout<\/li><li class=\"button job-tax job-tax-restauration\">Restauration<\/li><\/ul>\n\n\n\n<div class=\"gb-grid-wrapper gb-grid-wrapper-45084d91 gb-query-loop-wrapper\">\n<div class=\"gb-grid-column gb-grid-column-d528da80 gb-query-loop-item post-14327 psj_job_post type-psj_job_post status-publish hentry tag-gassin psj_job_tax-restauration\"><div class=\"gb-container gb-container-d528da80\">\n<div class=\"gb-container gb-container-c0a5e314 gb-accordion\">\n<div class=\"gb-container gb-container-e144ccfd gb-accordion__item\" data-transition=\"slide\">\n<div class=\"gb-container gb-container-d8d375ec gb-accordion__toggle\" role=\"button\" tabindex=\"0\">\n<div class=\"gb-container gb-container-65e214c6\">\n<div class=\"gb-container gb-container-72f7caef\">\n<h3 class=\"gb-headline gb-headline-602a15b5 modal-link gb-headline-text\">BARMAN\/BARMAID<\/h3>\n<\/div>\n\n\n<p class=\"gb-headline gb-headline-1e69cec5 gb-headline-text\">Mise en ligne le&nbsp;:&nbsp;<\/p>\n\n\n<p class=\"gb-headline gb-headline-fdf611a6 gb-headline-text\"><time class=\"entry-date published\" datetime=\"2024-09-11T10:39:19+02:00\">11\/09\/2024<\/time><\/p>\n\n\n<span class=\"job-separ\"><\/span>\n\n\n\n<p class=\"gb-headline gb-headline-55abe0c6 gb-headline-text\">Lieu&nbsp;:&nbsp;<\/p>\n\n\n<div class=\"gb-headline gb-headline-114cd878 gb-headline-text\"><span class=\"post-term-item term-gassin\">Golfe de St Tropez 4*<\/span><\/div>\n\n\n<span class=\"job-separ\"><\/span>\n\n\n\n<p class=\"gb-headline gb-headline-c7b891b7 gb-headline-text\">Cat\u00e9gorie&nbsp;:&nbsp;<\/p>\n\n\n\n<div class=\"gb-headline gb-headline-19935eed gb-headline-text gb-job-cat-color hidden \"><\/div>\n<div class=\"job-cat-color\" style=\"background-color:rgba(130,36,227,1);\">\n\n<div class=\"gb-headline gb-headline-eb970c76 gb-headline-text\"><span class=\"post-term-item term-restauration\">Restauration<\/span><\/div>\n\n\n<\/div>\n\n<\/div>\n\n<div class=\"gb-container gb-container-4268d3b5 offer\">\n\n<span class=\"gb-button gb-button-ea63228f gb-button-text button\">voir l&#8217;offre<\/span>\n\n<\/div>\n<\/div>\n\n<div class=\"gb-accordion__content\"><div class=\"gb-container gb-container-f2b6cf53\">\n<div class=\"gb-container gb-container-63cb2566 gb-job-the-content\"><\/div><!-- wp:paragraph -->\n<p>Vous int\u00e9grerez notre \u00e9quipe de restauration\/bar<\/p>\n<!-- \/wp:paragraph -->\n\n<!-- wp:paragraph -->\n<p><\/p>\n<!-- \/wp:paragraph -->\n\n<!-- wp:paragraph -->\n<p><strong>Vous devez:<\/strong><\/p>\n<!-- \/wp:paragraph -->\n\n<!-- wp:paragraph -->\n<p><\/p>\n<!-- \/wp:paragraph -->\n\n<!-- wp:list -->\n<ul class=\"wp-block-list\"><!-- wp:list-item -->\n<li>Avoir un&nbsp;<strong>bon<\/strong>&nbsp;<strong>relationnel<\/strong> afin de s&#8217;int\u00e9grer facilement \u00e0 notre \u00e9quipe.<\/li>\n<!-- \/wp:list-item -->\n\n<!-- wp:list-item -->\n<li><strong>1er exp\u00e9rience<\/strong> possible<\/li>\n<!-- \/wp:list-item -->\n\n<!-- wp:list-item -->\n<li><strong>Communiquer facilement<\/strong> avec les clients.<\/li>\n<!-- \/wp:list-item -->\n\n<!-- wp:list-item -->\n<li>Possibilit\u00e9 d&#8217;\u00eatre <strong>log\u00e9<\/strong> sur place.<\/li>\n<!-- \/wp:list-item -->\n\n<!-- wp:list-item -->\n<li><strong>Salaire attractif<\/strong> selon exp\u00e9rience.<\/li>\n<!-- \/wp:list-item --><\/ul>\n<!-- \/wp:list -->\n\n<!-- wp:paragraph -->\n<p><\/p>\n<!-- \/wp:paragraph -->\n\n<div class=\"gb-container gb-container-97f08498 gb-job-link\"><\/div><a href=\"#postuler\" class=\"job-link button\" data-job-slug=\"jardinier\">Postuler<\/a>\n<\/div><\/div>\n<\/div>\n<\/div>\n<\/div><\/div>\n<\/div>\n\n<\/div><\/div>\n<\/div><\/div>\n\n<div class=\"gb-container gb-container-70554820\" id=\"moreContent\">\n<div class=\"gb-container gb-container-7939cb11\">\n\n<h2 class=\"gb-headline gb-headline-46814316 gb-headline-text\">Avantages \u00e0 nous rejoindre<\/h2>\n\n\n\n<ul class=\"wp-block-list\">\n<li>Logement inclus (suivant les postes), h\u00e9bergement climatis\u00e9, <\/li>\n\n\n\n<li>Salle de sport et Parc Aquatique (accessibles en dehors des heures de travail).<\/li>\n\n\n\n<li>Laverie &amp; Wifi inclus<\/li>\n\n\n\n<li>50% de remise sur la restauration (sauf poste en restauration Bar = repas inclus midi\/soir)<\/li>\n<\/ul>\n\n<\/div>\n<\/div>\n\n<div class=\"gb-container gb-container-35854234 homesection animated fadeIn  gb-container-global-full\" id=\"contact\"><div class=\"gb-inside-container\">\n<div class=\"gb-grid-wrapper gb-grid-wrapper-0f66acb9\">\n<div class=\"gb-grid-column gb-grid-column-0aa0c3a6\"><div class=\"gb-container gb-container-0aa0c3a6 uhdready left\"><div class=\"gb-inside-container\">\n\n<figure class=\"gb-block-image gb-block-image-fb89a58b\"><a href=\"https:\/\/maps.app.goo.gl\/FDJvUcpUijnLGLgZ6\" target=\"_blank\" rel=\"noopener noreferrer\"><img decoding=\"async\" width=\"1200\" height=\"800\" class=\"gb-image gb-image-fb89a58b\" src=\"https:\/\/montanaparc.com\/wp-content\/uploads\/2023\/08\/montanaparc-home-map-1200x800-1.jpg\" alt=\"montana parc campings c\u00f4te d'azur\" title=\"montanaparc-home-map-1200x800\" srcset=\"https:\/\/montanaparc.com\/wp-content\/uploads\/2023\/08\/montanaparc-home-map-1200x800-1.jpg 1200w, https:\/\/montanaparc.com\/wp-content\/uploads\/2023\/08\/montanaparc-home-map-1200x800-1-300x200.jpg 300w, https:\/\/montanaparc.com\/wp-content\/uploads\/2023\/08\/montanaparc-home-map-1200x800-1-1024x683.jpg 1024w, https:\/\/montanaparc.com\/wp-content\/uploads\/2023\/08\/montanaparc-home-map-1200x800-1-768x512.jpg 768w, https:\/\/montanaparc.com\/wp-content\/uploads\/2023\/08\/montanaparc-home-map-1200x800-1-650x433.jpg 650w\" sizes=\"(max-width: 1200px) 100vw, 1200px\" \/><\/a><\/figure>\n\n<\/div><\/div><\/div>\n\n<div class=\"gb-grid-column gb-grid-column-71d0e460\"><div class=\"gb-container gb-container-71d0e460\"><div class=\"gb-inside-container\">\n\n<h2 class=\"gb-headline gb-headline-59fdfff5 gb-headline-text\">Formulaire de Candidature<\/h2>\n\n\n\n<p class=\"gb-headline gb-headline-10ee8e64 gb-headline-text\">Vous souhaitez candidater ? Pour cela rien de plus simple : remplissez les champs ci-dessous, faites-nous part de vos motivations via le champ &#8220;message&#8221; et ajoutez votre CV. <em>Les champs marqu\u00e9s d\u2019un * sont obligatoires.<\/em><\/p>\n\n\n\n<div style=\"height:40px\" aria-hidden=\"true\" class=\"wp-block-spacer\"><\/div>\n\n\n\n<div class=\"wp-block-contact-form-7-contact-form-selector\">\n<div class=\"wpcf7 no-js\" id=\"wpcf7-f1147-o1\" lang=\"fr-FR\" dir=\"ltr\" data-wpcf7-id=\"1147\">\n<div class=\"screen-reader-response\"><p role=\"status\" aria-live=\"polite\" aria-atomic=\"true\"><\/p> <ul><\/ul><\/div>\n<form action=\"\/en\/wp-json\/wp\/v2\/pages\/14652#wpcf7-f1147-o1\" method=\"post\" class=\"wpcf7-form init\" aria-label=\"Formulaire de contact\" enctype=\"multipart\/form-data\" novalidate=\"novalidate\" data-status=\"init\">\n<fieldset class=\"hidden-fields-container\"><input type=\"hidden\" name=\"_wpcf7\" value=\"1147\" \/><input type=\"hidden\" name=\"_wpcf7_version\" value=\"6.1.5\" \/><input type=\"hidden\" name=\"_wpcf7_locale\" value=\"fr_FR\" \/><input type=\"hidden\" name=\"_wpcf7_unit_tag\" value=\"wpcf7-f1147-o1\" \/><input type=\"hidden\" name=\"_wpcf7_container_post\" value=\"0\" \/><input type=\"hidden\" name=\"_wpcf7_posted_data_hash\" value=\"\" \/><input type=\"hidden\" name=\"_wpcf7dtx_version\" value=\"5.0.5\" \/><input type=\"hidden\" name=\"_wpcf7_recaptcha_response\" value=\"\" \/>\n<\/fieldset>\n<div class=\"cf7-container\">\n[group group-object]\n<span class=\"wpcf7-form-control-wrap\" data-name=\"msg-object\"><select class=\"wpcf7-form-control wpcf7-select wpcf7-validates-as-required\" aria-required=\"true\" aria-invalid=\"false\" name=\"msg-object\"><option value=\"\">Choisir un destinataire*<\/option><option value=\"Montana Parc\">Montana Parc<\/option><option value=\"Golfe de St Tropez 4*\">Golfe de St Tropez 4*<\/option><option value=\"Oasis Village 5*\">Oasis Village 5*<\/option><option value=\"CSE\">CSE<\/option><option value=\"R\u00e9sidentiel\">R\u00e9sidentiel<\/option><\/select><\/span>\n[\/group]\n[group group-residentiel]\n<span class=\"wpcf7-form-control-wrap\" data-name=\"msg-residentiel\"><select class=\"wpcf7-form-control wpcf7-select wpcf7-validates-as-required\" aria-required=\"true\" aria-invalid=\"false\" name=\"msg-residentiel\"><option value=\"\">Choisir un destinataire*<\/option><option value=\"Golfe de St Tropez 4*\">Golfe de St Tropez 4*<\/option><option value=\"Oasis Village 5*\">Oasis Village 5*<\/option><\/select><\/span>\n[\/group]\n[group group-job]\n<div class=\"field-wrap full\" style=\"color:#fff\">Choisir un site :<\/div>\n<div class=\"field-wrap full\" style=\"color:#fff\"><span class=\"wpcf7-form-control-wrap\" data-name=\"campsitename\"><span class=\"wpcf7-form-control wpcf7-checkbox wpcf7-validates-as-required\"><span class=\"wpcf7-list-item first\"><label><input type=\"checkbox\" name=\"campsitename[]\" value=\"Golfe de St Tropez 4* \u00e0 Gassin\" \/><span class=\"wpcf7-list-item-label\">Golfe de St Tropez 4* \u00e0 Gassin<\/span><\/label><\/span><span class=\"wpcf7-list-item last\"><label><input type=\"checkbox\" name=\"campsitename[]\" value=\"Oasis Village 5* \u00e0 Puget-sur-Argens\" \/><span class=\"wpcf7-list-item-label\">Oasis Village 5* \u00e0 Puget-sur-Argens<\/span><\/label><\/span><\/span><\/span><\/div>\n<select name=\"job\"><option value=\"\">Choisir dans la liste<\/option><option value=\"spontane\">Candidature spontan\u00e9e<\/option><option value=\"jardinier\">BARMAN\/BARMAID<\/option><\/select>\n[\/group]\n<div uk-grid class=\"uk-child-width-1-2@s uk-grid-column-small uk-grid-row-small\">\n<div class=\"field-wrap\"><span class=\"wpcf7-form-control-wrap\" data-name=\"firstname\"><input size=\"40\" maxlength=\"400\" class=\"wpcf7-form-control wpcf7-text wpcf7-validates-as-required\" aria-required=\"true\" aria-invalid=\"false\" placeholder=\"Pr\u00e9nom*\" value=\"\" type=\"text\" name=\"firstname\" \/><\/span><\/div>\n<div class=\"field-wrap\"><span class=\"wpcf7-form-control-wrap\" data-name=\"lastname\"><input size=\"40\" maxlength=\"400\" class=\"wpcf7-form-control wpcf7-text wpcf7-validates-as-required\" aria-required=\"true\" aria-invalid=\"false\" placeholder=\"Nom*\" value=\"\" type=\"text\" name=\"lastname\" \/><\/span><\/div>\n<\/div>\n<div class=\"field-wrap full\"><span class=\"wpcf7-form-control-wrap\" data-name=\"email\"><input size=\"40\" maxlength=\"400\" class=\"wpcf7-form-control wpcf7-email wpcf7-validates-as-required wpcf7-text wpcf7-validates-as-email\" aria-required=\"true\" aria-invalid=\"false\" placeholder=\"E-mail*\" value=\"\" type=\"email\" name=\"email\" \/><\/span><\/div>\n<div class=\"field-wrap full\"><span class=\"wpcf7-form-control-wrap\" data-name=\"message\"><textarea cols=\"40\" rows=\"4\" maxlength=\"2000\" class=\"wpcf7-form-control wpcf7-textarea wpcf7-validates-as-required form-control\" aria-required=\"true\" aria-invalid=\"false\" placeholder=\"Message*\" name=\"message\"><\/textarea><\/span><\/div>\n[group group-job]\n<p style=\"color:#fff\">Joindre votre CV* <span class=\"wpcf7-form-control-wrap\" data-name=\"cv\"><input size=\"40\" class=\"wpcf7-form-control wpcf7-file wpcf7-validates-as-required\" accept=\".doc,.docx,.pdf\" aria-required=\"true\" aria-invalid=\"false\" type=\"file\" name=\"cv\" \/><\/span><\/p>\n[\/group]\n<span id=\"wpcf7-69dceeffe2fb6-wrapper\" class=\"wpcf7-form-control-wrap kissme-wrap\" ><label for=\"wpcf7-69dceeffe2fb6-field\" class=\"hp-message\">Veuillez laisser ce champ vide.<\/label><input id=\"wpcf7-69dceeffe2fb6-field\"  placeholder=\"Objet\"  class=\"wpcf7-form-control wpcf7-text\" type=\"text\" name=\"kissme\" value=\"\" size=\"40\" tabindex=\"-1\" autocomplete=\"new-password\" \/><\/span>\n<div uk-grid>\n<div class=\"uk-width-expand\" style=\"color:#fff;\"><span class=\"wpcf7-form-control-wrap\" data-name=\"rgpd\"><span class=\"wpcf7-form-control wpcf7-acceptance\"><span class=\"wpcf7-list-item\"><label><input type=\"checkbox\" name=\"rgpd\" value=\"1\" aria-invalid=\"false\" \/><span class=\"wpcf7-list-item-label\">J'ai lu et j'accepte la <a title=\"Politique de confidentialit\u00e9\" href=\"\/mentions-legales#donnees-personnelles\">politique de confidentialit\u00e9<\/a> de ce site<\/span><\/label><\/span><\/span><\/span><\/div>\n<div style=\"direction: rtl\" class=\"uk-width-1-4\"><input class=\"wpcf7-form-control wpcf7-submit has-spinner\" type=\"submit\" value=\"GO\" \/><\/div>\n<\/div>\n<span class=\"wpcf7-form-control-wrap recipient-id\" data-name=\"recipient-id\"><input type=\"hidden\" name=\"recipient-id\" class=\"wpcf7-form-control wpcf7-hidden wpcf7dtx wpcf7dtx-hidden\" aria-invalid=\"false\" value=\"14652\"><\/span>\n<span class=\"wpcf7-form-control-wrap cf7_campsite\" data-name=\"cf7_campsite\"><input type=\"hidden\" name=\"cf7_campsite\" class=\"wpcf7-form-control wpcf7-hidden wpcf7dtx wpcf7dtx-hidden\" aria-invalid=\"false\" value=\"Offre d&#039;emploi\"><\/span>\n<\/div><p style=\"display: none !important;\" class=\"akismet-fields-container\" data-prefix=\"_wpcf7_ak_\"><label>&#916;<textarea name=\"_wpcf7_ak_hp_textarea\" cols=\"45\" rows=\"8\" maxlength=\"100\"><\/textarea><\/label><input type=\"hidden\" id=\"ak_js_1\" name=\"_wpcf7_ak_js\" value=\"87\"\/><script>document.getElementById( \"ak_js_1\" ).setAttribute( \"value\", ( new Date() ).getTime() );<\/script><\/p><input type='hidden' class='wpcf7-pum' value='{\"closepopup\":false,\"closedelay\":0,\"openpopup\":false,\"openpopup_id\":0}' \/><div class=\"wpcf7-response-output\" aria-hidden=\"true\"><\/div>\n<\/form>\n<\/div>\n<\/div>\n\n<\/div><\/div><\/div>\n<\/div>\n<\/div><\/div>","protected":false},"excerpt":{"rendered":"<p>Nos offres d&#8217;emploi Avantages \u00e0 nous rejoindre<\/p>\n","protected":false},"author":7,"featured_media":0,"parent":0,"menu_order":26,"comment_status":"closed","ping_status":"closed","template":"","meta":{"_acf_changed":false,"inline_featured_image":false,"footnotes":""},"class_list":{"0":"post-14652","1":"page","2":"type-page","3":"status-publish","5":"no-featured-image-padding"},"acf":[],"yoast_head":"<!-- This site is optimized with the Yoast SEO plugin v27.3 - https:\/\/yoast.com\/product\/yoast-seo-wordpress\/ -->\n<title>Recrutement | PARC SAINT JAMES<\/title>\n<meta name=\"robots\" content=\"index, follow, max-snippet:-1, max-image-preview:large, max-video-preview:-1\" \/>\n<link rel=\"canonical\" href=\"https:\/\/montanaparc.com\/en\/recrutement\/\" \/>\n<meta property=\"og:locale\" content=\"en_US\" \/>\n<meta property=\"og:type\" content=\"article\" \/>\n<meta property=\"og:title\" content=\"Recrutement | PARC SAINT JAMES\" \/>\n<meta property=\"og:description\" content=\"Nos offres d&#8217;emploi Avantages \u00e0 nous rejoindre\" \/>\n<meta property=\"og:url\" content=\"https:\/\/montanaparc.com\/en\/recrutement\/\" \/>\n<meta property=\"og:site_name\" content=\"PARC SAINT JAMES\" \/>\n<meta property=\"og:image\" content=\"https:\/\/montanaparc.com\/wp-content\/uploads\/2023\/08\/montanaparc-home-map-1200x800-1.jpg\" \/>\n<meta name=\"twitter:card\" content=\"summary_large_image\" \/>\n<meta name=\"twitter:label1\" content=\"Est. reading time\" \/>\n\t<meta name=\"twitter:data1\" content=\"1 minute\" \/>\n<script type=\"application\/ld+json\" class=\"yoast-schema-graph\">{\"@context\":\"https:\\\/\\\/schema.org\",\"@graph\":[{\"@type\":\"WebPage\",\"@id\":\"https:\\\/\\\/montanaparc.com\\\/en\\\/recrutement\\\/\",\"url\":\"https:\\\/\\\/montanaparc.com\\\/en\\\/recrutement\\\/\",\"name\":\"Recrutement | PARC SAINT JAMES\",\"isPartOf\":{\"@id\":\"https:\\\/\\\/montanaparc.com\\\/en\\\/#website\"},\"primaryImageOfPage\":{\"@id\":\"https:\\\/\\\/montanaparc.com\\\/en\\\/recrutement\\\/#primaryimage\"},\"image\":{\"@id\":\"https:\\\/\\\/montanaparc.com\\\/en\\\/recrutement\\\/#primaryimage\"},\"thumbnailUrl\":\"https:\\\/\\\/montanaparc.com\\\/wp-content\\\/uploads\\\/2023\\\/08\\\/montanaparc-home-map-1200x800-1.jpg\",\"datePublished\":\"2023-12-27T08:52:04+00:00\",\"inLanguage\":\"en-US\",\"potentialAction\":[{\"@type\":\"ReadAction\",\"target\":[\"https:\\\/\\\/montanaparc.com\\\/en\\\/recrutement\\\/\"]}]},{\"@type\":\"ImageObject\",\"inLanguage\":\"en-US\",\"@id\":\"https:\\\/\\\/montanaparc.com\\\/en\\\/recrutement\\\/#primaryimage\",\"url\":\"https:\\\/\\\/montanaparc.com\\\/wp-content\\\/uploads\\\/2023\\\/08\\\/montanaparc-home-map-1200x800-1.jpg\",\"contentUrl\":\"https:\\\/\\\/montanaparc.com\\\/wp-content\\\/uploads\\\/2023\\\/08\\\/montanaparc-home-map-1200x800-1.jpg\"},{\"@type\":\"WebSite\",\"@id\":\"https:\\\/\\\/montanaparc.com\\\/en\\\/#website\",\"url\":\"https:\\\/\\\/montanaparc.com\\\/en\\\/\",\"name\":\"Montana Parc\",\"description\":\"Campings 4* & 5* C\u00f4te d'Azur\",\"publisher\":{\"@id\":\"https:\\\/\\\/montanaparc.com\\\/en\\\/#organization\"},\"potentialAction\":[{\"@type\":\"SearchAction\",\"target\":{\"@type\":\"EntryPoint\",\"urlTemplate\":\"https:\\\/\\\/montanaparc.com\\\/en\\\/?s={search_term_string}\"},\"query-input\":{\"@type\":\"PropertyValueSpecification\",\"valueRequired\":true,\"valueName\":\"search_term_string\"}}],\"inLanguage\":\"en-US\"},{\"@type\":\"Organization\",\"@id\":\"https:\\\/\\\/montanaparc.com\\\/en\\\/#organization\",\"name\":\"Montana Parc\",\"url\":\"https:\\\/\\\/montanaparc.com\\\/en\\\/\",\"logo\":{\"@type\":\"ImageObject\",\"inLanguage\":\"en-US\",\"@id\":\"https:\\\/\\\/montanaparc.com\\\/en\\\/#\\\/schema\\\/logo\\\/image\\\/\",\"url\":\"https:\\\/\\\/montanaparc.com\\\/wp-content\\\/uploads\\\/2023\\\/08\\\/montanaparc-logo-b-120x100-1.png\",\"contentUrl\":\"https:\\\/\\\/montanaparc.com\\\/wp-content\\\/uploads\\\/2023\\\/08\\\/montanaparc-logo-b-120x100-1.png\",\"width\":120,\"height\":100,\"caption\":\"Montana Parc\"},\"image\":{\"@id\":\"https:\\\/\\\/montanaparc.com\\\/en\\\/#\\\/schema\\\/logo\\\/image\\\/\"}}]}<\/script>\n<!-- \/ Yoast SEO plugin. -->","yoast_head_json":{"title":"Recrutement | PARC SAINT JAMES","robots":{"index":"index","follow":"follow","max-snippet":"max-snippet:-1","max-image-preview":"max-image-preview:large","max-video-preview":"max-video-preview:-1"},"canonical":"https:\/\/montanaparc.com\/en\/recrutement\/","og_locale":"en_US","og_type":"article","og_title":"Recrutement | PARC SAINT JAMES","og_description":"Nos offres d&#8217;emploi Avantages \u00e0 nous rejoindre","og_url":"https:\/\/montanaparc.com\/en\/recrutement\/","og_site_name":"PARC SAINT JAMES","og_image":[{"url":"https:\/\/montanaparc.com\/wp-content\/uploads\/2023\/08\/montanaparc-home-map-1200x800-1.jpg","type":"","width":"","height":""}],"twitter_card":"summary_large_image","twitter_misc":{"Est. reading time":"1 minute"},"schema":{"@context":"https:\/\/schema.org","@graph":[{"@type":"WebPage","@id":"https:\/\/montanaparc.com\/en\/recrutement\/","url":"https:\/\/montanaparc.com\/en\/recrutement\/","name":"Recrutement | PARC SAINT JAMES","isPartOf":{"@id":"https:\/\/montanaparc.com\/en\/#website"},"primaryImageOfPage":{"@id":"https:\/\/montanaparc.com\/en\/recrutement\/#primaryimage"},"image":{"@id":"https:\/\/montanaparc.com\/en\/recrutement\/#primaryimage"},"thumbnailUrl":"https:\/\/montanaparc.com\/wp-content\/uploads\/2023\/08\/montanaparc-home-map-1200x800-1.jpg","datePublished":"2023-12-27T08:52:04+00:00","inLanguage":"en-US","potentialAction":[{"@type":"ReadAction","target":["https:\/\/montanaparc.com\/en\/recrutement\/"]}]},{"@type":"ImageObject","inLanguage":"en-US","@id":"https:\/\/montanaparc.com\/en\/recrutement\/#primaryimage","url":"https:\/\/montanaparc.com\/wp-content\/uploads\/2023\/08\/montanaparc-home-map-1200x800-1.jpg","contentUrl":"https:\/\/montanaparc.com\/wp-content\/uploads\/2023\/08\/montanaparc-home-map-1200x800-1.jpg"},{"@type":"WebSite","@id":"https:\/\/montanaparc.com\/en\/#website","url":"https:\/\/montanaparc.com\/en\/","name":"Montana Parc","description":"Campings 4* & 5* C\u00f4te d'Azur","publisher":{"@id":"https:\/\/montanaparc.com\/en\/#organization"},"potentialAction":[{"@type":"SearchAction","target":{"@type":"EntryPoint","urlTemplate":"https:\/\/montanaparc.com\/en\/?s={search_term_string}"},"query-input":{"@type":"PropertyValueSpecification","valueRequired":true,"valueName":"search_term_string"}}],"inLanguage":"en-US"},{"@type":"Organization","@id":"https:\/\/montanaparc.com\/en\/#organization","name":"Montana Parc","url":"https:\/\/montanaparc.com\/en\/","logo":{"@type":"ImageObject","inLanguage":"en-US","@id":"https:\/\/montanaparc.com\/en\/#\/schema\/logo\/image\/","url":"https:\/\/montanaparc.com\/wp-content\/uploads\/2023\/08\/montanaparc-logo-b-120x100-1.png","contentUrl":"https:\/\/montanaparc.com\/wp-content\/uploads\/2023\/08\/montanaparc-logo-b-120x100-1.png","width":120,"height":100,"caption":"Montana Parc"},"image":{"@id":"https:\/\/montanaparc.com\/en\/#\/schema\/logo\/image\/"}}]}},"_links":{"self":[{"href":"https:\/\/montanaparc.com\/en\/wp-json\/wp\/v2\/pages\/14652","targetHints":{"allow":["GET"]}}],"collection":[{"href":"https:\/\/montanaparc.com\/en\/wp-json\/wp\/v2\/pages"}],"about":[{"href":"https:\/\/montanaparc.com\/en\/wp-json\/wp\/v2\/types\/page"}],"author":[{"embeddable":true,"href":"https:\/\/montanaparc.com\/en\/wp-json\/wp\/v2\/users\/7"}],"replies":[{"embeddable":true,"href":"https:\/\/montanaparc.com\/en\/wp-json\/wp\/v2\/comments?post=14652"}],"version-history":[{"count":0,"href":"https:\/\/montanaparc.com\/en\/wp-json\/wp\/v2\/pages\/14652\/revisions"}],"wp:attachment":[{"href":"https:\/\/montanaparc.com\/en\/wp-json\/wp\/v2\/media?parent=14652"}],"curies":[{"name":"wp","href":"https:\/\/api.w.org\/{rel}","templated":true}]}}