{"id":18546,"date":"2025-11-18T08:36:11","date_gmt":"2025-11-18T07:36:11","guid":{"rendered":"https:\/\/montanaparc.com\/barrierefreiheitserklaerung\/"},"modified":"2025-11-18T09:50:06","modified_gmt":"2025-11-18T08:50:06","slug":"barrierefreiheitserklaerung","status":"publish","type":"page","link":"https:\/\/montanaparc.com\/de\/barrierefreiheitserklaerung\/","title":{"rendered":"Barrierefreiheits\u00aderkl\u00e4rung"},"content":{"rendered":"<div class=\"gb-container gb-container-e97e507b gb-container-global-full\"><div class=\"gb-inside-container\">\n\n<h2 class=\"gb-headline gb-headline-b2132c4c gb-headline-text\">Barrierefreiheits\u00aderkl\u00e4rung<\/h2>\n\n\n\n<p>MONTANA PARC verpflichtet sich, seine Internet-, Intranet- und Extranet-Seiten sowie seine Softwarel\u00f6sungen (sowie seine mobilen Anwendungen und digitalen Stadtm\u00f6bel) gem\u00e4\u00df Artikel 47 des Gesetzes Nr. 2005-102 vom 11. Februar 2005 barrierefrei zu gestalten.<\/p>\n\n\n\n<p>Diese Barrierefreiheits\u00aderkl\u00e4rung gilt f\u00fcr <a href=\"https:\/\/montanaparc.com\/de\/\" target=\"_blank\" rel=\"noreferrer noopener\">https:\/\/montanaparc.com\/<\/a><\/p>\n\n\n\n<h3 class=\"wp-block-heading\">Konformit\u00e4tsstatus<\/h3>\n\n\n\n<p><strong>MONTANA PARC<\/strong> &#8211; <strong>BY PARC SAINT JAMES<\/strong> <a href=\"https:\/\/montanaparc.com\/de\/\">https:\/\/montanaparc.com\/<\/a> ist teilweise konform mit dem allgemeinen Referenzrahmen zur Verbesserung der Barrierefreiheit (RGAA).<\/p>\n\n\n\n<h3 class=\"wp-block-heading\">Testergebnisse<\/h3>\n\n\n\n<p>Die von MONTANA PARC durchgef\u00fchrte Konformit\u00e4tspr\u00fcfung zeigt, dass 65 % der Kriterien der RGAA-Version 4.1.2 erf\u00fcllt sind. <a href=\"https:\/\/ara.numerique.gouv.fr\/rapport\/JJD2nvyeOVVvOLhjUENzA\/\" target=\"_blank\" rel=\"noreferrer noopener\">Den Auditbericht ansehen<\/a><\/p>\n\n\n\n<h3 class=\"wp-block-heading\">Erstellung dieser Barrierefreiheits\u00aderkl\u00e4rung<\/h3>\n\n\n\n<p>Diese Erkl\u00e4rung wurde am <strong>14. November 2025<\/strong> erstellt. <\/p>\n\n\n\n<h3 class=\"wp-block-heading\">F\u00fcr die Durchf\u00fchrung des Audits verwendete Technologien<\/h3>\n\n\n\n<h4 class=\"wp-block-heading\"><strong>Testumgebung<\/strong><\/h4>\n\n\n\n<p>Die \u00dcberpr\u00fcfungen der Inhaltswiedergabe wurden auf Basis der vom RGAA-Referenzrahmen bereitgestellten Kombination mit den folgenden Versionen durchgef\u00fchrt:<\/p>\n\n\n<div class=\"gb-container gb-container-6a37b7db\">\n<div class=\"gb-container gb-container-bed61b68\">\n<div class=\"gb-container gb-container-c8cf5b62\">\n<div class=\"gb-container gb-container-79aa0854\">\n\n<ul class=\"wp-block-list\">\n<li>Auf einem Windows-Computer mit Google Chrome<\/li>\n\n\n\n<li>Auf einem Android-Mobilger\u00e4t mit Google Chrome und TalkBack<\/li>\n<\/ul>\n\n<\/div>\n<\/div>\n<\/div>\n<\/div>\n\n\n<h3 class=\"wp-block-heading\">Werkzeuge zur Bewertung der Barrierefreiheit<\/h3>\n\n\n\n<ul class=\"wp-block-list\">\n<li>Web Developer Toolbar<\/li>\n\n\n\n<li>WCAG Contrast checker<\/li>\n\n\n\n<li>Inspecteur de composants<\/li>\n\n\n\n<li>Assistant RGAA<\/li>\n\n\n\n<li>Tanaguru engine<\/li>\n<\/ul>\n\n\n\n<h3 class=\"wp-block-heading\">Seiten der Website, die auf Konformit\u00e4t \u00fcberpr\u00fcft wurden<\/h3>\n\n\n\n<ul class=\"wp-block-list\">\n<li>Startseite <a href=\"https:\/\/cirkus.vdlv.fr\/\" target=\"_blank\" rel=\"noreferrer noopener\">https:\/\/montanaparc.com\/<\/a><\/li>\n<\/ul>\n\n\n<div class=\"gb-container gb-container-dd80f494\">\n\n<div class=\"gb-button-wrapper gb-button-wrapper-cf09a7d5 o-anim-ready fadeInUp delay-100ms faster\" style=\"margin-bottom: 20px;\">\n\n<a class=\"gb-button gb-button-01455ff6 gb-button-text\" href=\"https:\/\/montanaparc.com\/wp-content\/uploads\/2025\/11\/Schemas_Accessibilite_Pluriannuel.MONTANA-PARC.pdf\">Mehrjahresplan herunterladen<\/a>\n\n<\/div>\n\n<\/div>\n\n\n<h3 class=\"wp-block-heading\">Feedback und Kontakt<\/h3>\n\n\n\n<p>Wenn Sie auf Inhalte oder Dienste nicht zugreifen k\u00f6nnen, k\u00f6nnen Sie den Verantwortlichen von VDLV kontaktieren, um auf eine barrierefreie Alternative verwiesen zu werden oder die Inhalte in einer anderen Form zu erhalten.<\/p>\n\n\n\n<p>Kontaktieren Sie Melanie de LA GONTRIE: <a href=\"mailto:melanie.delagontrie@daliasas.com\" target=\"_blank\" rel=\"noreferrer noopener\">melanie.delagontrie@daliasas.com<\/a><\/p>\n\n\n\n<h3 class=\"wp-block-heading\">Beschwerdeverfahren<\/h3>\n\n\n\n<p>Wenn Sie einen Barrierefreiheitsmangel feststellen, der Sie daran hindert, auf Inhalte oder Funktionen der Website zuzugreifen, uns dies melden und keine Antwort von uns erhalten, haben Sie das Recht, Ihre Beschwerde oder eine Aufforderung zur Einleitung eines Verfahrens an den \u201eD\u00e9fenseur des droits\u201c zu richten.<\/p>\n\n\n\n<p>Es stehen Ihnen mehrere M\u00f6glichkeiten zur Verf\u00fcgung:<\/p>\n\n\n\n<ul class=\"wp-block-list\">\n<li>Eine Nachricht an den \u201eD\u00e9fenseur des droits\u201c schreiben (neues Fenster)<\/li>\n\n\n\n<li>Den Beauftragten des \u201eD\u00e9fenseur des droits\u201c in Ihrer Region kontaktieren (neues Fenster)<\/li>\n\n\n\n<li>Einen Brief per Post senden (kostenlos, keine Briefmarke erforderlich) an:<\/li>\n<\/ul>\n\n\n\n<p>Verteidiger der Rechte<br\/>Libre r\u00e9ponse 71120<br\/>75342 Paris CEDEX 07<\/p>\n\n<\/div><\/div>\n<p><\/p>\n","protected":false},"excerpt":{"rendered":"<p>Barrierefreiheits\u00aderkl\u00e4rung MONTANA PARC verpflichtet sich, seine Internet-, Intranet- und Extranet-Seiten sowie seine Softwarel\u00f6sungen (sowie seine mobilen Anwendungen und digitalen Stadtm\u00f6bel) gem\u00e4\u00df Artikel 47 des Gesetzes Nr. 2005-102 vom 11. Februar 2005 barrierefrei zu gestalten. Diese Barrierefreiheits\u00aderkl\u00e4rung gilt f\u00fcr https:\/\/montanaparc.com\/ Konformit\u00e4tsstatus MONTANA PARC &#8211; BY PARC SAINT JAMES https:\/\/montanaparc.com\/ ist teilweise konform mit dem allgemeinen Referenzrahmen &#8230; <a title=\"Barrierefreiheits\u00aderkl\u00e4rung\" class=\"read-more\" href=\"https:\/\/montanaparc.com\/de\/barrierefreiheitserklaerung\/\" aria-label=\"Mehr Informationen \u00fcber Barrierefreiheits\u00aderkl\u00e4rung\">Weiterlesen &#8230;<\/a><\/p>\n","protected":false},"author":7,"featured_media":0,"parent":0,"menu_order":100,"comment_status":"closed","ping_status":"closed","template":"","meta":{"_acf_changed":false,"inline_featured_image":false,"footnotes":""},"class_list":{"0":"post-18546","1":"page","2":"type-page","3":"status-publish","5":"no-featured-image-padding"},"acf":[],"yoast_head":"<!-- This site is optimized with the Yoast SEO plugin v27.4 - https:\/\/yoast.com\/product\/yoast-seo-wordpress\/ -->\n<title>Barrierefreiheits\u00aderkl\u00e4rung | MONTANA PARC<\/title>\n<meta name=\"robots\" content=\"noindex, follow\" \/>\n<meta property=\"og:locale\" content=\"de_DE\" \/>\n<meta property=\"og:type\" content=\"article\" \/>\n<meta property=\"og:title\" content=\"Barrierefreiheits\u00aderkl\u00e4rung | MONTANA PARC\" \/>\n<meta property=\"og:description\" content=\"Barrierefreiheits\u00aderkl\u00e4rung MONTANA PARC verpflichtet sich, seine Internet-, Intranet- und Extranet-Seiten sowie seine Softwarel\u00f6sungen (sowie seine mobilen Anwendungen und digitalen Stadtm\u00f6bel) gem\u00e4\u00df Artikel 47 des Gesetzes Nr. 2005-102 vom 11. Februar 2005 barrierefrei zu gestalten. Diese Barrierefreiheits\u00aderkl\u00e4rung gilt f\u00fcr https:\/\/montanaparc.com\/ Konformit\u00e4tsstatus MONTANA PARC &#8211; BY PARC SAINT JAMES https:\/\/montanaparc.com\/ ist teilweise konform mit dem allgemeinen Referenzrahmen ... Weiterlesen ...\" \/>\n<meta property=\"og:url\" content=\"https:\/\/montanaparc.com\/de\/barrierefreiheitserklaerung\/\" \/>\n<meta property=\"og:site_name\" content=\"MONTANA PARC\" \/>\n<meta property=\"article:modified_time\" content=\"2025-11-18T08:50:06+00:00\" \/>\n<meta name=\"twitter:card\" content=\"summary_large_image\" \/>\n<meta name=\"twitter:label1\" content=\"Gesch\u00e4tzte Lesezeit\" \/>\n\t<meta name=\"twitter:data1\" content=\"2\u00a0Minuten\" \/>\n<script type=\"application\/ld+json\" class=\"yoast-schema-graph\">{\"@context\":\"https:\\\/\\\/schema.org\",\"@graph\":[{\"@type\":\"WebPage\",\"@id\":\"https:\\\/\\\/montanaparc.com\\\/de\\\/barrierefreiheitserklaerung\\\/\",\"url\":\"https:\\\/\\\/montanaparc.com\\\/de\\\/barrierefreiheitserklaerung\\\/\",\"name\":\"Barrierefreiheits\u00aderkl\u00e4rung | MONTANA PARC\",\"isPartOf\":{\"@id\":\"https:\\\/\\\/montanaparc.com\\\/de\\\/#website\"},\"datePublished\":\"2025-11-18T07:36:11+00:00\",\"dateModified\":\"2025-11-18T08:50:06+00:00\",\"inLanguage\":\"de\",\"potentialAction\":[{\"@type\":\"ReadAction\",\"target\":[\"https:\\\/\\\/montanaparc.com\\\/de\\\/barrierefreiheitserklaerung\\\/\"]}]},{\"@type\":\"WebSite\",\"@id\":\"https:\\\/\\\/montanaparc.com\\\/de\\\/#website\",\"url\":\"https:\\\/\\\/montanaparc.com\\\/de\\\/\",\"name\":\"Montana Parc\",\"description\":\"4*- und 5*-Campingpl\u00e4tze an der C\u00f4te d\u2019Azur\",\"publisher\":{\"@id\":\"https:\\\/\\\/montanaparc.com\\\/de\\\/#organization\"},\"potentialAction\":[{\"@type\":\"SearchAction\",\"target\":{\"@type\":\"EntryPoint\",\"urlTemplate\":\"https:\\\/\\\/montanaparc.com\\\/de\\\/?s={search_term_string}\"},\"query-input\":{\"@type\":\"PropertyValueSpecification\",\"valueRequired\":true,\"valueName\":\"search_term_string\"}}],\"inLanguage\":\"de\"},{\"@type\":\"Organization\",\"@id\":\"https:\\\/\\\/montanaparc.com\\\/de\\\/#organization\",\"name\":\"Montana Parc\",\"url\":\"https:\\\/\\\/montanaparc.com\\\/de\\\/\",\"logo\":{\"@type\":\"ImageObject\",\"inLanguage\":\"de\",\"@id\":\"https:\\\/\\\/montanaparc.com\\\/de\\\/#\\\/schema\\\/logo\\\/image\\\/\",\"url\":\"https:\\\/\\\/montanaparc.com\\\/wp-content\\\/uploads\\\/2023\\\/08\\\/montanaparc-logo-b-120x100-1.png\",\"contentUrl\":\"https:\\\/\\\/montanaparc.com\\\/wp-content\\\/uploads\\\/2023\\\/08\\\/montanaparc-logo-b-120x100-1.png\",\"width\":120,\"height\":100,\"caption\":\"Montana Parc\"},\"image\":{\"@id\":\"https:\\\/\\\/montanaparc.com\\\/de\\\/#\\\/schema\\\/logo\\\/image\\\/\"}}]}<\/script>\n<!-- \/ Yoast SEO plugin. -->","yoast_head_json":{"title":"Barrierefreiheits\u00aderkl\u00e4rung | MONTANA PARC","robots":{"index":"noindex","follow":"follow"},"og_locale":"de_DE","og_type":"article","og_title":"Barrierefreiheits\u00aderkl\u00e4rung | MONTANA PARC","og_description":"Barrierefreiheits\u00aderkl\u00e4rung MONTANA PARC verpflichtet sich, seine Internet-, Intranet- und Extranet-Seiten sowie seine Softwarel\u00f6sungen (sowie seine mobilen Anwendungen und digitalen Stadtm\u00f6bel) gem\u00e4\u00df Artikel 47 des Gesetzes Nr. 2005-102 vom 11. Februar 2005 barrierefrei zu gestalten. Diese Barrierefreiheits\u00aderkl\u00e4rung gilt f\u00fcr https:\/\/montanaparc.com\/ Konformit\u00e4tsstatus MONTANA PARC &#8211; BY PARC SAINT JAMES https:\/\/montanaparc.com\/ ist teilweise konform mit dem allgemeinen Referenzrahmen ... Weiterlesen ...","og_url":"https:\/\/montanaparc.com\/de\/barrierefreiheitserklaerung\/","og_site_name":"MONTANA PARC","article_modified_time":"2025-11-18T08:50:06+00:00","twitter_card":"summary_large_image","twitter_misc":{"Gesch\u00e4tzte Lesezeit":"2\u00a0Minuten"},"schema":{"@context":"https:\/\/schema.org","@graph":[{"@type":"WebPage","@id":"https:\/\/montanaparc.com\/de\/barrierefreiheitserklaerung\/","url":"https:\/\/montanaparc.com\/de\/barrierefreiheitserklaerung\/","name":"Barrierefreiheits\u00aderkl\u00e4rung | MONTANA PARC","isPartOf":{"@id":"https:\/\/montanaparc.com\/de\/#website"},"datePublished":"2025-11-18T07:36:11+00:00","dateModified":"2025-11-18T08:50:06+00:00","inLanguage":"de","potentialAction":[{"@type":"ReadAction","target":["https:\/\/montanaparc.com\/de\/barrierefreiheitserklaerung\/"]}]},{"@type":"WebSite","@id":"https:\/\/montanaparc.com\/de\/#website","url":"https:\/\/montanaparc.com\/de\/","name":"Montana Parc","description":"4*- und 5*-Campingpl\u00e4tze an der C\u00f4te d\u2019Azur","publisher":{"@id":"https:\/\/montanaparc.com\/de\/#organization"},"potentialAction":[{"@type":"SearchAction","target":{"@type":"EntryPoint","urlTemplate":"https:\/\/montanaparc.com\/de\/?s={search_term_string}"},"query-input":{"@type":"PropertyValueSpecification","valueRequired":true,"valueName":"search_term_string"}}],"inLanguage":"de"},{"@type":"Organization","@id":"https:\/\/montanaparc.com\/de\/#organization","name":"Montana Parc","url":"https:\/\/montanaparc.com\/de\/","logo":{"@type":"ImageObject","inLanguage":"de","@id":"https:\/\/montanaparc.com\/de\/#\/schema\/logo\/image\/","url":"https:\/\/montanaparc.com\/wp-content\/uploads\/2023\/08\/montanaparc-logo-b-120x100-1.png","contentUrl":"https:\/\/montanaparc.com\/wp-content\/uploads\/2023\/08\/montanaparc-logo-b-120x100-1.png","width":120,"height":100,"caption":"Montana Parc"},"image":{"@id":"https:\/\/montanaparc.com\/de\/#\/schema\/logo\/image\/"}}]}},"_links":{"self":[{"href":"https:\/\/montanaparc.com\/de\/wp-json\/wp\/v2\/pages\/18546","targetHints":{"allow":["GET"]}}],"collection":[{"href":"https:\/\/montanaparc.com\/de\/wp-json\/wp\/v2\/pages"}],"about":[{"href":"https:\/\/montanaparc.com\/de\/wp-json\/wp\/v2\/types\/page"}],"author":[{"embeddable":true,"href":"https:\/\/montanaparc.com\/de\/wp-json\/wp\/v2\/users\/7"}],"replies":[{"embeddable":true,"href":"https:\/\/montanaparc.com\/de\/wp-json\/wp\/v2\/comments?post=18546"}],"version-history":[{"count":1,"href":"https:\/\/montanaparc.com\/de\/wp-json\/wp\/v2\/pages\/18546\/revisions"}],"predecessor-version":[{"id":18547,"href":"https:\/\/montanaparc.com\/de\/wp-json\/wp\/v2\/pages\/18546\/revisions\/18547"}],"wp:attachment":[{"href":"https:\/\/montanaparc.com\/de\/wp-json\/wp\/v2\/media?parent=18546"}],"curies":[{"name":"wp","href":"https:\/\/api.w.org\/{rel}","templated":true}]}}