{"id":15260,"date":"2022-01-16T16:32:38","date_gmt":"2022-01-16T15:32:38","guid":{"rendered":"https:\/\/montanaparc.com\/?page_id=15260"},"modified":"2025-02-20T13:56:45","modified_gmt":"2025-02-20T12:56:45","slug":"feriendorf","status":"publish","type":"page","link":"https:\/\/montanaparc.com\/de\/feriendorf\/","title":{"rendered":"Campingpl\u00e4tze an der C\u00f4te d&#8217;Azur"},"content":{"rendered":"<div class=\"gb-container gb-container-41be1b8e cpgsection oasis\"><div class=\"gb-inside-container\">\n<div class=\"gb-grid-wrapper gb-grid-wrapper-94efd645\">\n<div class=\"gb-grid-column gb-grid-column-ca1bd75e\"><div class=\"gb-container gb-container-ca1bd75e alignr animated fadeInLeft\"><div class=\"gb-inside-container\">\n\n<h2 class=\"gb-headline gb-headline-0952a415 gb-headline-text\"><span class=\"subtitle\">5-Sterne-Campingplatz in Puget-sur-Argens<\/span>Oasis Village <span class=\"stars\">*****<\/span><\/h2>\n\n\n<div class=\"gb-button-wrapper gb-button-wrapper-1e1fdeba animated fadeInUp\">\n\n<a class=\"gb-button gb-button-e006d6dc gb-button-text cta discover\" href=\"https:\/\/montanaparc.com\/de\/feriendorf\/oasis-village-5\/\">Entdecken<\/a>\n\n\n\n<a class=\"gb-button gb-button-58eb12ee gb-button-text cta book\" href=\"https:\/\/thelisresa.webcamp.fr\/?camping=oasisvillage&amp;lang=fr\">Reservieren<\/a>\n\n<\/div>\n<\/div><\/div><\/div>\n\n<div class=\"gb-grid-column gb-grid-column-254a8345\"><div class=\"gb-container gb-container-254a8345 animated fadeInRight img-reveal\"><div class=\"gb-inside-container\">\n\t\t<div class=\"home-gallery\">\n\t\t\t<div class=\"1 uk-position-relative uk-visible-toggle\" tabindex=\"-1\" uk-slideshow=\"animation: fade; ratio: false; autoplay: true; autoplay-interval: 5000; pause-on-hover: true\">\n\t\t\t\t<ul class=\"uk-slideshow-items\">\t\n\t\t\t\t\t\t\t\t\t\t\t<li>\n\t\t\t\t\t\t\t<div class=\"gallery-item\">\n\t\t\t\t\t\t\t\t\t\t\t\t\t\t\t\t<img decoding=\"async\" width=\"1200\" height=\"800\" src=\"https:\/\/montanaparc.com\/wp-content\/uploads\/2022\/11\/psj-oasis-piscine.jpg\" class=\"attachment-full size-full\" alt=\"\" srcset=\"https:\/\/montanaparc.com\/wp-content\/uploads\/2022\/11\/psj-oasis-piscine.jpg 1200w, https:\/\/montanaparc.com\/wp-content\/uploads\/2022\/11\/psj-oasis-piscine-300x200.jpg 300w, https:\/\/montanaparc.com\/wp-content\/uploads\/2022\/11\/psj-oasis-piscine-1024x683.jpg 1024w, https:\/\/montanaparc.com\/wp-content\/uploads\/2022\/11\/psj-oasis-piscine-768x512.jpg 768w, https:\/\/montanaparc.com\/wp-content\/uploads\/2022\/11\/psj-oasis-piscine-650x433.jpg 650w\" sizes=\"(max-width: 1200px) 100vw, 1200px\" \/>\n\t\t\t\t\t\t\t<\/div> \n\t\t\t\t\t\t<\/li>\n\t\t\t\t\t\t\t\t\t\t\t<li>\n\t\t\t\t\t\t\t<div class=\"gallery-item\">\n\t\t\t\t\t\t\t\t\t\t\t\t\t\t\t\t<img decoding=\"async\" width=\"1200\" height=\"800\" src=\"https:\/\/montanaparc.com\/wp-content\/uploads\/2022\/11\/psj-oasis-view.jpg\" class=\"attachment-full size-full\" alt=\"\" srcset=\"https:\/\/montanaparc.com\/wp-content\/uploads\/2022\/11\/psj-oasis-view.jpg 1200w, https:\/\/montanaparc.com\/wp-content\/uploads\/2022\/11\/psj-oasis-view-300x200.jpg 300w, https:\/\/montanaparc.com\/wp-content\/uploads\/2022\/11\/psj-oasis-view-1024x683.jpg 1024w, https:\/\/montanaparc.com\/wp-content\/uploads\/2022\/11\/psj-oasis-view-768x512.jpg 768w, https:\/\/montanaparc.com\/wp-content\/uploads\/2022\/11\/psj-oasis-view-650x433.jpg 650w\" sizes=\"(max-width: 1200px) 100vw, 1200px\" \/>\n\t\t\t\t\t\t\t<\/div> \n\t\t\t\t\t\t<\/li>\n\t\t\t\t\t\t\t\t\t\t\t<li>\n\t\t\t\t\t\t\t<div class=\"gallery-item\">\n\t\t\t\t\t\t\t\t\t\t\t\t\t\t\t\t<img decoding=\"async\" width=\"1200\" height=\"800\" src=\"https:\/\/montanaparc.com\/wp-content\/uploads\/2022\/11\/psj-oasis-view1.jpg\" class=\"attachment-full size-full\" alt=\"\" srcset=\"https:\/\/montanaparc.com\/wp-content\/uploads\/2022\/11\/psj-oasis-view1.jpg 1200w, https:\/\/montanaparc.com\/wp-content\/uploads\/2022\/11\/psj-oasis-view1-300x200.jpg 300w, https:\/\/montanaparc.com\/wp-content\/uploads\/2022\/11\/psj-oasis-view1-1024x683.jpg 1024w, https:\/\/montanaparc.com\/wp-content\/uploads\/2022\/11\/psj-oasis-view1-768x512.jpg 768w, https:\/\/montanaparc.com\/wp-content\/uploads\/2022\/11\/psj-oasis-view1-650x433.jpg 650w\" sizes=\"(max-width: 1200px) 100vw, 1200px\" \/>\n\t\t\t\t\t\t\t<\/div> \n\t\t\t\t\t\t<\/li>\n\t\t\t\t\t\t\t\t\t\t\t<li>\n\t\t\t\t\t\t\t<div class=\"gallery-item\">\n\t\t\t\t\t\t\t\t\t\t\t\t\t\t\t\t<img decoding=\"async\" width=\"1200\" height=\"800\" src=\"https:\/\/montanaparc.com\/wp-content\/uploads\/2022\/11\/psj-oasis-ambiant0.jpg\" class=\"attachment-full size-full\" alt=\"\" srcset=\"https:\/\/montanaparc.com\/wp-content\/uploads\/2022\/11\/psj-oasis-ambiant0.jpg 1200w, https:\/\/montanaparc.com\/wp-content\/uploads\/2022\/11\/psj-oasis-ambiant0-300x200.jpg 300w, https:\/\/montanaparc.com\/wp-content\/uploads\/2022\/11\/psj-oasis-ambiant0-1024x683.jpg 1024w, https:\/\/montanaparc.com\/wp-content\/uploads\/2022\/11\/psj-oasis-ambiant0-768x512.jpg 768w, https:\/\/montanaparc.com\/wp-content\/uploads\/2022\/11\/psj-oasis-ambiant0-650x433.jpg 650w\" sizes=\"(max-width: 1200px) 100vw, 1200px\" \/>\n\t\t\t\t\t\t\t<\/div> \n\t\t\t\t\t\t<\/li>\n\t\t\t\t\t\t\t\t\t\t\t<li>\n\t\t\t\t\t\t\t<div class=\"gallery-item\">\n\t\t\t\t\t\t\t\t\t\t\t\t\t\t\t\t<img decoding=\"async\" width=\"1200\" height=\"800\" src=\"https:\/\/montanaparc.com\/wp-content\/uploads\/2022\/11\/psj-oasis-jardin-aqualudique-1.jpg\" class=\"attachment-full size-full\" alt=\"\" srcset=\"https:\/\/montanaparc.com\/wp-content\/uploads\/2022\/11\/psj-oasis-jardin-aqualudique-1.jpg 1200w, https:\/\/montanaparc.com\/wp-content\/uploads\/2022\/11\/psj-oasis-jardin-aqualudique-1-300x200.jpg 300w, https:\/\/montanaparc.com\/wp-content\/uploads\/2022\/11\/psj-oasis-jardin-aqualudique-1-1024x683.jpg 1024w, https:\/\/montanaparc.com\/wp-content\/uploads\/2022\/11\/psj-oasis-jardin-aqualudique-1-768x512.jpg 768w, https:\/\/montanaparc.com\/wp-content\/uploads\/2022\/11\/psj-oasis-jardin-aqualudique-1-650x433.jpg 650w\" sizes=\"(max-width: 1200px) 100vw, 1200px\" \/>\n\t\t\t\t\t\t\t<\/div> \n\t\t\t\t\t\t<\/li>\n\t\t\t\t\t\t\t\t\t<\/ul>\n\t\t\t\t<div class=\"uk-light arrows\">\n\t\t\t\t\t<a class=\"uk-position-center-left uk-position-small uk-hidden-hover\" href=\"#\" uk-slidenav-previous uk-slideshow-item=\"previous\"><\/a>\n\t\t\t\t\t<a class=\"uk-position-center-right uk-position-small uk-hidden-hover\" href=\"#\" uk-slidenav-next uk-slideshow-item=\"next\"><\/a>\n\t\t\t\t<\/div>\n\t\t\t<\/div>\n\t\t<\/div>\n\n\t\t\n\n<\/div><\/div><\/div>\n<\/div>\n<\/div><\/div>\n\n<div class=\"gb-container gb-container-be01b6d2 cpgsection gassin\"><div class=\"gb-inside-container\">\n<div class=\"gb-grid-wrapper gb-grid-wrapper-7ca3e331\">\n<div class=\"gb-grid-column gb-grid-column-b33c7f22\"><div class=\"gb-container gb-container-b33c7f22 animated fadeInLeft img-reveal\"><div class=\"gb-inside-container\">\n\t\t<div class=\"home-gallery\">\n\t\t\t<div class=\"1 uk-position-relative uk-visible-toggle\" tabindex=\"-1\" uk-slideshow=\"animation: fade; ratio: false; autoplay: true; autoplay-interval: 5000; pause-on-hover: true\">\n\t\t\t\t<ul class=\"uk-slideshow-items\">\t\n\t\t\t\t\t\t\t\t\t\t\t<li>\n\t\t\t\t\t\t\t<div class=\"gallery-item\">\n\t\t\t\t\t\t\t\t\t\t\t\t\t\t\t\t<img decoding=\"async\" width=\"1200\" height=\"800\" src=\"https:\/\/montanaparc.com\/wp-content\/uploads\/2022\/11\/psj-oasis-piscine.jpg\" class=\"attachment-full size-full\" alt=\"\" srcset=\"https:\/\/montanaparc.com\/wp-content\/uploads\/2022\/11\/psj-oasis-piscine.jpg 1200w, https:\/\/montanaparc.com\/wp-content\/uploads\/2022\/11\/psj-oasis-piscine-300x200.jpg 300w, https:\/\/montanaparc.com\/wp-content\/uploads\/2022\/11\/psj-oasis-piscine-1024x683.jpg 1024w, https:\/\/montanaparc.com\/wp-content\/uploads\/2022\/11\/psj-oasis-piscine-768x512.jpg 768w, https:\/\/montanaparc.com\/wp-content\/uploads\/2022\/11\/psj-oasis-piscine-650x433.jpg 650w\" sizes=\"(max-width: 1200px) 100vw, 1200px\" \/>\n\t\t\t\t\t\t\t<\/div> \n\t\t\t\t\t\t<\/li>\n\t\t\t\t\t\t\t\t\t\t\t<li>\n\t\t\t\t\t\t\t<div class=\"gallery-item\">\n\t\t\t\t\t\t\t\t\t\t\t\t\t\t\t\t<img decoding=\"async\" width=\"1200\" height=\"800\" src=\"https:\/\/montanaparc.com\/wp-content\/uploads\/2022\/11\/psj-oasis-view.jpg\" class=\"attachment-full size-full\" alt=\"\" srcset=\"https:\/\/montanaparc.com\/wp-content\/uploads\/2022\/11\/psj-oasis-view.jpg 1200w, https:\/\/montanaparc.com\/wp-content\/uploads\/2022\/11\/psj-oasis-view-300x200.jpg 300w, https:\/\/montanaparc.com\/wp-content\/uploads\/2022\/11\/psj-oasis-view-1024x683.jpg 1024w, https:\/\/montanaparc.com\/wp-content\/uploads\/2022\/11\/psj-oasis-view-768x512.jpg 768w, https:\/\/montanaparc.com\/wp-content\/uploads\/2022\/11\/psj-oasis-view-650x433.jpg 650w\" sizes=\"(max-width: 1200px) 100vw, 1200px\" \/>\n\t\t\t\t\t\t\t<\/div> \n\t\t\t\t\t\t<\/li>\n\t\t\t\t\t\t\t\t\t\t\t<li>\n\t\t\t\t\t\t\t<div class=\"gallery-item\">\n\t\t\t\t\t\t\t\t\t\t\t\t\t\t\t\t<img decoding=\"async\" width=\"1200\" height=\"800\" src=\"https:\/\/montanaparc.com\/wp-content\/uploads\/2022\/11\/psj-oasis-view1.jpg\" class=\"attachment-full size-full\" alt=\"\" srcset=\"https:\/\/montanaparc.com\/wp-content\/uploads\/2022\/11\/psj-oasis-view1.jpg 1200w, https:\/\/montanaparc.com\/wp-content\/uploads\/2022\/11\/psj-oasis-view1-300x200.jpg 300w, https:\/\/montanaparc.com\/wp-content\/uploads\/2022\/11\/psj-oasis-view1-1024x683.jpg 1024w, https:\/\/montanaparc.com\/wp-content\/uploads\/2022\/11\/psj-oasis-view1-768x512.jpg 768w, https:\/\/montanaparc.com\/wp-content\/uploads\/2022\/11\/psj-oasis-view1-650x433.jpg 650w\" sizes=\"(max-width: 1200px) 100vw, 1200px\" \/>\n\t\t\t\t\t\t\t<\/div> \n\t\t\t\t\t\t<\/li>\n\t\t\t\t\t\t\t\t\t\t\t<li>\n\t\t\t\t\t\t\t<div class=\"gallery-item\">\n\t\t\t\t\t\t\t\t\t\t\t\t\t\t\t\t<img decoding=\"async\" width=\"1200\" height=\"800\" src=\"https:\/\/montanaparc.com\/wp-content\/uploads\/2022\/11\/psj-oasis-ambiant0.jpg\" class=\"attachment-full size-full\" alt=\"\" srcset=\"https:\/\/montanaparc.com\/wp-content\/uploads\/2022\/11\/psj-oasis-ambiant0.jpg 1200w, https:\/\/montanaparc.com\/wp-content\/uploads\/2022\/11\/psj-oasis-ambiant0-300x200.jpg 300w, https:\/\/montanaparc.com\/wp-content\/uploads\/2022\/11\/psj-oasis-ambiant0-1024x683.jpg 1024w, https:\/\/montanaparc.com\/wp-content\/uploads\/2022\/11\/psj-oasis-ambiant0-768x512.jpg 768w, https:\/\/montanaparc.com\/wp-content\/uploads\/2022\/11\/psj-oasis-ambiant0-650x433.jpg 650w\" sizes=\"(max-width: 1200px) 100vw, 1200px\" \/>\n\t\t\t\t\t\t\t<\/div> \n\t\t\t\t\t\t<\/li>\n\t\t\t\t\t\t\t\t\t\t\t<li>\n\t\t\t\t\t\t\t<div class=\"gallery-item\">\n\t\t\t\t\t\t\t\t\t\t\t\t\t\t\t\t<img decoding=\"async\" width=\"1200\" height=\"800\" src=\"https:\/\/montanaparc.com\/wp-content\/uploads\/2022\/11\/psj-oasis-jardin-aqualudique-1.jpg\" class=\"attachment-full size-full\" alt=\"\" srcset=\"https:\/\/montanaparc.com\/wp-content\/uploads\/2022\/11\/psj-oasis-jardin-aqualudique-1.jpg 1200w, https:\/\/montanaparc.com\/wp-content\/uploads\/2022\/11\/psj-oasis-jardin-aqualudique-1-300x200.jpg 300w, https:\/\/montanaparc.com\/wp-content\/uploads\/2022\/11\/psj-oasis-jardin-aqualudique-1-1024x683.jpg 1024w, https:\/\/montanaparc.com\/wp-content\/uploads\/2022\/11\/psj-oasis-jardin-aqualudique-1-768x512.jpg 768w, https:\/\/montanaparc.com\/wp-content\/uploads\/2022\/11\/psj-oasis-jardin-aqualudique-1-650x433.jpg 650w\" sizes=\"(max-width: 1200px) 100vw, 1200px\" \/>\n\t\t\t\t\t\t\t<\/div> \n\t\t\t\t\t\t<\/li>\n\t\t\t\t\t\t\t\t\t<\/ul>\n\t\t\t\t<div class=\"uk-light arrows\">\n\t\t\t\t\t<a class=\"uk-position-center-left uk-position-small uk-hidden-hover\" href=\"#\" uk-slidenav-previous uk-slideshow-item=\"previous\"><\/a>\n\t\t\t\t\t<a class=\"uk-position-center-right uk-position-small uk-hidden-hover\" href=\"#\" uk-slidenav-next uk-slideshow-item=\"next\"><\/a>\n\t\t\t\t<\/div>\n\t\t\t<\/div>\n\t\t<\/div>\n\n\t\t\n\n<\/div><\/div><\/div>\n\n<div class=\"gb-grid-column gb-grid-column-959a6c04\"><div class=\"gb-container gb-container-959a6c04 alignl animated fadeInRight fast\"><div class=\"gb-inside-container\">\n\n<h2 class=\"gb-headline gb-headline-208cffa8 gb-headline-text\"><span class=\"subtitle\">4-Sterne-Campingplatz in Gassin<\/span>Golfe de St Tropez <span class=\"stars\">****<\/span><\/h2>\n\n\n<div class=\"gb-button-wrapper gb-button-wrapper-b39956d4 animated fadeInUp\">\n\n<a class=\"gb-button gb-button-1d5375fe gb-button-text cta discover\" href=\"https:\/\/montanaparc.com\/villages-vacances\/parc-montana\/\">Entdecken<\/a>\n\n\n\n<a class=\"gb-button gb-button-afbd40fd gb-button-text cta book\" href=\"https:\/\/thelisresa.webcamp.fr\/?camping=gassin&amp;lang=fr\">Reservieren<\/a>\n\n<\/div>\n<\/div><\/div><\/div>\n<\/div>\n<\/div><\/div>","protected":false},"excerpt":{"rendered":"","protected":false},"author":7,"featured_media":0,"parent":0,"menu_order":4,"comment_status":"closed","ping_status":"closed","template":"","meta":{"_acf_changed":false,"inline_featured_image":false,"footnotes":""},"class_list":{"0":"post-15260","1":"page","2":"type-page","3":"status-publish","5":"no-featured-image-padding"},"acf":[],"yoast_head":"<!-- This site is optimized with the Yoast SEO plugin v27.4 - https:\/\/yoast.com\/product\/yoast-seo-wordpress\/ -->\n<title>Entdecken Sie die Campingpl\u00e4tze Parc Saint James an der franz\u00f6sischen Riviera<\/title>\n<meta name=\"description\" content=\"Finden Sie alle Campingpl\u00e4tze des Parc Saint James an der C\u00f4te d&#039;Azur im Var. Entdecken Sie unsere Unterk\u00fcnfte, Freizeit &amp; Dienstleistungen sowie unsere Aktivit\u00e4ten.\" \/>\n<meta name=\"robots\" content=\"noindex, nofollow\" \/>\n<meta property=\"og:locale\" content=\"de_DE\" \/>\n<meta property=\"og:type\" content=\"article\" \/>\n<meta property=\"og:title\" content=\"Entdecken Sie die Campingpl\u00e4tze Parc Saint James an der franz\u00f6sischen Riviera\" \/>\n<meta property=\"og:description\" content=\"Finden Sie alle Campingpl\u00e4tze des Parc Saint James an der C\u00f4te d&#039;Azur im Var. Entdecken Sie unsere Unterk\u00fcnfte, Freizeit &amp; Dienstleistungen sowie unsere Aktivit\u00e4ten.\" \/>\n<meta property=\"og:url\" content=\"https:\/\/montanaparc.com\/de\/feriendorf\/\" \/>\n<meta property=\"og:site_name\" content=\"MONTANA PARC\" \/>\n<meta property=\"article:modified_time\" content=\"2025-02-20T12:56:45+00:00\" \/>\n<meta name=\"twitter:card\" content=\"summary_large_image\" \/>\n<meta name=\"twitter:label1\" content=\"Gesch\u00e4tzte Lesezeit\" \/>\n\t<meta name=\"twitter:data1\" content=\"1\u00a0Minute\" \/>\n<script type=\"application\/ld+json\" class=\"yoast-schema-graph\">{\"@context\":\"https:\\\/\\\/schema.org\",\"@graph\":[{\"@type\":\"WebPage\",\"@id\":\"https:\\\/\\\/montanaparc.com\\\/de\\\/feriendorf\\\/\",\"url\":\"https:\\\/\\\/montanaparc.com\\\/de\\\/feriendorf\\\/\",\"name\":\"Entdecken Sie die Campingpl\u00e4tze Parc Saint James an der franz\u00f6sischen Riviera\",\"isPartOf\":{\"@id\":\"https:\\\/\\\/montanaparc.com\\\/de\\\/#website\"},\"datePublished\":\"2022-01-16T15:32:38+00:00\",\"dateModified\":\"2025-02-20T12:56:45+00:00\",\"description\":\"Finden Sie alle Campingpl\u00e4tze des Parc Saint James an der C\u00f4te d'Azur im Var. Entdecken Sie unsere Unterk\u00fcnfte, Freizeit & Dienstleistungen sowie unsere Aktivit\u00e4ten.\",\"inLanguage\":\"de\",\"potentialAction\":[{\"@type\":\"ReadAction\",\"target\":[\"https:\\\/\\\/montanaparc.com\\\/de\\\/feriendorf\\\/\"]}]},{\"@type\":\"WebSite\",\"@id\":\"https:\\\/\\\/montanaparc.com\\\/de\\\/#website\",\"url\":\"https:\\\/\\\/montanaparc.com\\\/de\\\/\",\"name\":\"Montana Parc\",\"description\":\"4*- und 5*-Campingpl\u00e4tze an der C\u00f4te d\u2019Azur\",\"publisher\":{\"@id\":\"https:\\\/\\\/montanaparc.com\\\/de\\\/#organization\"},\"potentialAction\":[{\"@type\":\"SearchAction\",\"target\":{\"@type\":\"EntryPoint\",\"urlTemplate\":\"https:\\\/\\\/montanaparc.com\\\/de\\\/?s={search_term_string}\"},\"query-input\":{\"@type\":\"PropertyValueSpecification\",\"valueRequired\":true,\"valueName\":\"search_term_string\"}}],\"inLanguage\":\"de\"},{\"@type\":\"Organization\",\"@id\":\"https:\\\/\\\/montanaparc.com\\\/de\\\/#organization\",\"name\":\"Montana Parc\",\"url\":\"https:\\\/\\\/montanaparc.com\\\/de\\\/\",\"logo\":{\"@type\":\"ImageObject\",\"inLanguage\":\"de\",\"@id\":\"https:\\\/\\\/montanaparc.com\\\/de\\\/#\\\/schema\\\/logo\\\/image\\\/\",\"url\":\"https:\\\/\\\/montanaparc.com\\\/wp-content\\\/uploads\\\/2023\\\/08\\\/montanaparc-logo-b-120x100-1.png\",\"contentUrl\":\"https:\\\/\\\/montanaparc.com\\\/wp-content\\\/uploads\\\/2023\\\/08\\\/montanaparc-logo-b-120x100-1.png\",\"width\":120,\"height\":100,\"caption\":\"Montana Parc\"},\"image\":{\"@id\":\"https:\\\/\\\/montanaparc.com\\\/de\\\/#\\\/schema\\\/logo\\\/image\\\/\"}}]}<\/script>\n<!-- \/ Yoast SEO plugin. -->","yoast_head_json":{"title":"Entdecken Sie die Campingpl\u00e4tze Parc Saint James an der franz\u00f6sischen Riviera","description":"Finden Sie alle Campingpl\u00e4tze des Parc Saint James an der C\u00f4te d'Azur im Var. Entdecken Sie unsere Unterk\u00fcnfte, Freizeit & Dienstleistungen sowie unsere Aktivit\u00e4ten.","robots":{"index":"noindex","follow":"nofollow"},"og_locale":"de_DE","og_type":"article","og_title":"Entdecken Sie die Campingpl\u00e4tze Parc Saint James an der franz\u00f6sischen Riviera","og_description":"Finden Sie alle Campingpl\u00e4tze des Parc Saint James an der C\u00f4te d'Azur im Var. Entdecken Sie unsere Unterk\u00fcnfte, Freizeit & Dienstleistungen sowie unsere Aktivit\u00e4ten.","og_url":"https:\/\/montanaparc.com\/de\/feriendorf\/","og_site_name":"MONTANA PARC","article_modified_time":"2025-02-20T12:56:45+00:00","twitter_card":"summary_large_image","twitter_misc":{"Gesch\u00e4tzte Lesezeit":"1\u00a0Minute"},"schema":{"@context":"https:\/\/schema.org","@graph":[{"@type":"WebPage","@id":"https:\/\/montanaparc.com\/de\/feriendorf\/","url":"https:\/\/montanaparc.com\/de\/feriendorf\/","name":"Entdecken Sie die Campingpl\u00e4tze Parc Saint James an der franz\u00f6sischen Riviera","isPartOf":{"@id":"https:\/\/montanaparc.com\/de\/#website"},"datePublished":"2022-01-16T15:32:38+00:00","dateModified":"2025-02-20T12:56:45+00:00","description":"Finden Sie alle Campingpl\u00e4tze des Parc Saint James an der C\u00f4te d'Azur im Var. Entdecken Sie unsere Unterk\u00fcnfte, Freizeit & Dienstleistungen sowie unsere Aktivit\u00e4ten.","inLanguage":"de","potentialAction":[{"@type":"ReadAction","target":["https:\/\/montanaparc.com\/de\/feriendorf\/"]}]},{"@type":"WebSite","@id":"https:\/\/montanaparc.com\/de\/#website","url":"https:\/\/montanaparc.com\/de\/","name":"Montana Parc","description":"4*- und 5*-Campingpl\u00e4tze an der C\u00f4te d\u2019Azur","publisher":{"@id":"https:\/\/montanaparc.com\/de\/#organization"},"potentialAction":[{"@type":"SearchAction","target":{"@type":"EntryPoint","urlTemplate":"https:\/\/montanaparc.com\/de\/?s={search_term_string}"},"query-input":{"@type":"PropertyValueSpecification","valueRequired":true,"valueName":"search_term_string"}}],"inLanguage":"de"},{"@type":"Organization","@id":"https:\/\/montanaparc.com\/de\/#organization","name":"Montana Parc","url":"https:\/\/montanaparc.com\/de\/","logo":{"@type":"ImageObject","inLanguage":"de","@id":"https:\/\/montanaparc.com\/de\/#\/schema\/logo\/image\/","url":"https:\/\/montanaparc.com\/wp-content\/uploads\/2023\/08\/montanaparc-logo-b-120x100-1.png","contentUrl":"https:\/\/montanaparc.com\/wp-content\/uploads\/2023\/08\/montanaparc-logo-b-120x100-1.png","width":120,"height":100,"caption":"Montana Parc"},"image":{"@id":"https:\/\/montanaparc.com\/de\/#\/schema\/logo\/image\/"}}]}},"_links":{"self":[{"href":"https:\/\/montanaparc.com\/de\/wp-json\/wp\/v2\/pages\/15260","targetHints":{"allow":["GET"]}}],"collection":[{"href":"https:\/\/montanaparc.com\/de\/wp-json\/wp\/v2\/pages"}],"about":[{"href":"https:\/\/montanaparc.com\/de\/wp-json\/wp\/v2\/types\/page"}],"author":[{"embeddable":true,"href":"https:\/\/montanaparc.com\/de\/wp-json\/wp\/v2\/users\/7"}],"replies":[{"embeddable":true,"href":"https:\/\/montanaparc.com\/de\/wp-json\/wp\/v2\/comments?post=15260"}],"version-history":[{"count":31,"href":"https:\/\/montanaparc.com\/de\/wp-json\/wp\/v2\/pages\/15260\/revisions"}],"predecessor-version":[{"id":15293,"href":"https:\/\/montanaparc.com\/de\/wp-json\/wp\/v2\/pages\/15260\/revisions\/15293"}],"wp:attachment":[{"href":"https:\/\/montanaparc.com\/de\/wp-json\/wp\/v2\/media?parent=15260"}],"curies":[{"name":"wp","href":"https:\/\/api.w.org\/{rel}","templated":true}]}}